{"id":357,"date":"2016-04-15T15:41:29","date_gmt":"2016-04-15T15:41:29","guid":{"rendered":"http:\/\/dev.thesprout.co.uk\/?page_id=357"},"modified":"2017-05-12T12:34:13","modified_gmt":"2017-05-12T12:34:13","slug":"uncrc","status":"publish","type":"page","link":"https:\/\/dev.youngwrexham.co.uk\/cy\/info\/dy-lais-dy-wrecsam\/uncrc\/","title":{"rendered":"UNCRC"},"content":{"rendered":"<p><strong>Hawliau Dynol.<\/strong><strong>\u00a0<\/strong> Y dyddiau hyn mae pobl yn rhoi ochenaid pan maent yn clywed y geiriau hyn.<\/p>\n<p><iframe loading=\"lazy\" title=\"Human Rights Explained In A Beautiful Two Minute Animation\" width=\"500\" height=\"281\" src=\"https:\/\/www.youtube.com\/embed\/pRGhrYmUjU4?feature=oembed\" frameborder=\"0\" allow=\"accelerometer; autoplay; clipboard-write; encrypted-media; gyroscope; picture-in-picture; web-share\" referrerpolicy=\"strict-origin-when-cross-origin\" allowfullscreen><\/iframe><\/p>\n<p>Ymwadiad.<\/p>\n<p>Ymddiheurwn fod y fideo hwn yn uniaith Saesneg, mae\u2019r wybodaeth yn berthnasol iawn i\u2019r adran hon ac yn hynod ddefnyddiol.<\/p>\n<p>Ond, mae hawliau dynol yn sicrhad \u2013 yn \u00f4l y gyfraith \u2013 sy\u2019n diogelu holl fodau dynol (chi a mi&#8230;dwi\u2019n meddwl).<\/p>\n<p>I blant a phobl ifanc, mae hawliau ychwanegol i&#8217;n diogelu ac i sicrhau ein bod yn cael y cyfleoedd gorau mewn bywyd.<\/p>\n<p><iframe loading=\"lazy\" title=\"UNCRC United Nations Convention on the Rights of the Child - introduction video\" width=\"500\" height=\"281\" src=\"https:\/\/www.youtube.com\/embed\/tesGUxyd-lw?feature=oembed\" frameborder=\"0\" allow=\"accelerometer; autoplay; clipboard-write; encrypted-media; gyroscope; picture-in-picture; web-share\" referrerpolicy=\"strict-origin-when-cross-origin\" allowfullscreen><\/iframe><\/p>\n<p>Ymwadiad.<\/p>\n<p>Ymddiheurwn fod y fideo hwn yn uniaith Saesneg, mae\u2019r wybodaeth yn berthnasol iawn i\u2019r adran hon ac yn hynod ddefnyddiol.<\/p>\n<p>Datblygwyd yr hawliau ychwanegol hyn gan y Cenhedloedd Unedig ac wedi\u2019u manylu mewn rhywbeth a enwir yn <strong>CCUHP<\/strong> &#8211; <strong>Confensiwn y Cenhedloedd Unedig ar Hawliau&#8217;r Plentyn<\/strong>.<\/p>\n<p>Mae ein llywodraethau yn gyfrifol am wneud yn si\u0175r bod gennym addysg, gwybodaeth, ymglymiad mewn gwneud penderfyniadau, gofal iechyd, safon dda o fyw, gweithgareddau hamdden, triniaeth deg yn y system cyfiawnder troseddol (y llysoedd ac ati), a phethau da fel hyn!<\/p>\n<p><strong>Y Dolenni Gorau<\/strong><\/p>\n<p><a href=\"https:\/\/www.complantcymru.org.uk\/ccuhp-hawliau-plant\/\"><strong>Comisiynydd Plant Cymru | CCUHP\u00a0<\/strong><\/a><strong>\u2013\u00a0<\/strong>Cyflwyniad byr a hawdd i\u2019w ddeall i CCUHP gan unigolyn sy\u2019n sefyll dros blant a phobl ifanc yng Nghymru ac yn gwneud yn si\u0175r bod eu hawliau yn realiti.<\/p>\n<p><a href=\"https:\/\/www.citizensadvice.org.uk\/cymraeg\/law-and-courts\/civil-rights\/children-s-rights-in-wales-w\/\"><strong>Cyngor ar Bopeth | Hawliau Plant yng Nghymru<\/strong><\/a><strong>\u00a0\u2013\u00a0<\/strong>Llawer o wybodaeth hawdd i\u2019w ddeall ynghylch eich hawliau plant yng Nghymru.<\/p>\n<p><strong>Dolenni defnyddiol eraill<\/strong><\/p>\n<p><a href=\"http:\/\/www.savethechildren.org.uk\/about-us\/what-we-do\/child-rights\/un-convention-on-the-rights-of-the-child\">Achub y Plant | CCUHP<\/a>\u2013 cyflwyniad da a manwl i\u2019r CCUHP.<\/p>\n<p><a href=\"http:\/\/www.unicef.org.uk\/UNICEFs-Work\/UN-Convention\/\"><strong>UNICEF\u00a0|\u00a0Beth yw CCUHP?<\/strong><\/a>\u00a0\u2013 eglurhad dwys ond mwy o&#8217;r CCUHP.<\/p>\n<p><a href=\"https:\/\/www.childcomwales.org.uk\/en\/uncrc\/\"><strong>Comisiynydd Plant Cymru | CCHUP\u00a0\u2013 Rhestr o Hawliau Plant<\/strong><\/a>\u2013 rhestr hawdd iawn i\u2019w ddeall o\u2019ch holl hawliau.<\/p>\n<p><a href=\"http:\/\/www.fullcircleeducation.org\/manifesto-girls-rights-wales\/\"><strong>Full Circle &#8211; gyda maniffesto o hawliau merched yng Nghymru <\/strong><\/a><\/p>\n<p><a href=\"http:\/\/www.unicef.org\/crc\/files\/Rights_overview.pdf\"><strong>UNICEF | FACTSHEET:\u00a0<\/strong><\/a><strong>Crynodeb o\u2019r hawliau dan Gonfensiwn Ar Hawliadau Plant &#8211; <\/strong>crynodeb hirach o&#8217;ch holl hawliau na&#8217;r ddolen uchod<strong>. <\/strong><\/p>\n<p><a href=\"http:\/\/www.hawliauplant.cymru\/\"><strong>Gwefan Hawliau Plant Cymru<\/strong><\/a>\u00a0\u2013 Maent yn dweud, \u201cDarganfod yr holl hawliau i blant yn y CCUHP ac archwilio&#8217;r adnoddau, ffilmiau, gemau a gwybodaeth.\u201d<\/p>\n<p><a href=\"http:\/\/agenda.cymru\/\"><strong>Agenda<\/strong><\/a><strong>\u00a0<\/strong>\u2013 Agenda yw canllaw person ifanc i wneud perthnasau cadarnhaol o bwys.\u00a0 Ei amcan yw mynd i\u2019r afael \u00e2 materion fel cydraddoldeb rhywiol, trais ar sail rhyw, ac aflonyddu rhywiol mewn ysgolion.<\/p>\n<p><strong>Llinellau Cymorth<\/strong><\/p>\n<p>Os hoffech ragor o wybodaeth ynghylch eich hawliau, yn teimlo nad yw eich hawliau\u2019n cael eu bodloni, yn teimlo nad ydych yn cael eich trin yn iawn gan rywun megis eich athro neu weithiwr cymdeithasol, neu fe hoffech gael cyngor ar sut i wneud cwyn am benderfyniad Gweinidog mewn perthynas \u00e2&#8217;ch hawliau, gallwch gysylltu \u00e2 Meic isod. Hefyd gallwch gysylltu \u00e2 ChildLine neu\u2019r Samariaid.<\/p>\n<p><a href=\"https:\/\/www.meiccymru.org\/cym\/\"><strong><u>Meic <\/u><\/strong><\/a>\u00a0&#8211; llinell gymorth genedlaethol i blant a phobl ifanc (0-25 oed) yng Nghymru &#8211; testun (84001), rhadff\u00f4n (080880 23456), <a href=\"https:\/\/www.meiccymru.org\/cym\/\"><u>sgwrsio ar y we <\/u><\/a>, neu anfonwch e-bost i gael gwybodaeth, cyngor neu eiriolaeth.<\/p>\n<p><a href=\"https:\/\/www.childline.org.uk\/Pages\/Home.aspx\"><strong>ChildLine<\/strong><\/a>\u00a0\u2013 llinell gymorth cwnsela 24 awr am ddim (gan NSPCC)\u00a0 i blant a phobl ifanc hyd at eu pen-blwydd yn 19 oed.<\/p>\n<p><a href=\"http:\/\/www.samaritans.org\/how-we-can-help-you\/contact-us\"><strong>Y Samariaid<\/strong><\/a>\u00a0\u2013 llinell gymorth 24 awr am ddim i unrhyw un sydd eisiau cymorth emosiynol.<\/p>\n<p><strong>Apiau a Gemau<\/strong><\/p>\n<p><a href=\"https:\/\/itunes.apple.com\/us\/app\/our-rights-wales\/id634918433?ls=1&amp;mt=8\"><strong>Our Rights \u2013 Wales (the link is to iTunes)<\/strong><\/a>\u00a0\u2013 \u201cDatblygwyd yr ap hwn (dwyieithog) gydag ac ar gyfer Llywodraeth Cymru i helpu pobl sy\u2019n byw yng Nghymru gael rhagor o wybodaeth am hawliau plant a phobl ifanc.\u201d Sylwch: mae hwn am ddim ond cafodd ei ddiweddaru diwethaf ar 11 Mai, 2013, dylid gwirio ffeithiau&#8217;r cynnwys.<\/p>\n<p><strong>Oeddech chi wedi sylweddoli? <\/strong><\/p>\n<p><strong>Gallwch arfer rhai o\u2019ch hawliau ar theSprout (y wefan hon!):<\/strong><\/p>\n<p><strong>Hawl #13 \u2013 Mae gan blant hawl i gael a rhannu gwybodaeth.<\/strong><strong>\u00a0<\/strong> <a href=\"http:\/\/www.youngwrexham.co.uk\/cym\/chyffyrddiad\/\">Dod o hyd i wybodaeth neu <u>gyflwyno eich pethau eich hun!<\/u>!<\/a><\/p>\n<p><strong>Hawl #17 \u2013 Mae gan blant hawl i gael gwybodaeth sydd yn bwysig i\u2019w hiechyd a lles&#8230;<\/strong><strong>\u00a0<\/strong> Oes, wedi&#8217;i gynnwys (gan gynnwys pobl ifanc)&#8230;<\/p>\n<p><strong>Hawl #17 parhad &#8211; Mae gan blant hawl i gael gwybodaeth onest o bapurau newydd a theledu y maent yn gallu eu deall.<\/strong>\u00a0 Gobeithio y cewch ein holl wybodaeth yn hawdd i\u2019w deall, ond os ddim,\u00a0<a href=\"http:\/\/www.youngwrexham.co.uk\/cym\/chyffyrddiad\/\">gadewch i ni wybod<\/a>.<\/p>\n<p><strong>Hawl #12 &#8211; Mae gan blant hawl i ddweud beth y maent yn credu dylai ddigwydd, pan fydd oedolion yn gwneud penderfyniadau sy&#8217;n effeithio arnyn nhw, ac i gael ystyriaeth o&#8217;u safbwyntiau.<\/strong>\u00a0 Dyma pam rydym ni wrth ein boddau yn rhannu grwpiau, digwyddiadau, arolygon ac ymgynghoriadau y gallwch fod ynghlwm i ddweud eich dweud (gweler adran\u00a0<a href=\"https:\/\/dev.youngwrexham.co.uk\/info\/yourvoiceyourwrexham\/\">eich llais, eich Wrecsam<\/a>!).<\/p>\n<p>&nbsp;<\/p>\n<hr \/>\n<p>&nbsp;<\/p>\n<p><img loading=\"lazy\" decoding=\"async\" class=\"size-medium wp-image-6276 aligncenter\" src=\"https:\/\/dev.youngwrexham.co.uk\/cy\/wp-content\/uploads\/sites\/3\/2017\/01\/Info-generaljpeg-300x106.jpg\" alt=\"\" width=\"300\" height=\"106\" srcset=\"https:\/\/dev.youngwrexham.co.uk\/cy\/wp-content\/uploads\/sites\/3\/2017\/01\/Info-generaljpeg-300x106.jpg 300w, https:\/\/dev.youngwrexham.co.uk\/cy\/wp-content\/uploads\/sites\/3\/2017\/01\/Info-generaljpeg-768x272.jpg 768w, https:\/\/dev.youngwrexham.co.uk\/cy\/wp-content\/uploads\/sites\/3\/2017\/01\/Info-generaljpeg.jpg 886w\" sizes=\"auto, (max-width: 300px) 100vw, 300px\" \/><\/p>\n<p><strong>Os hoffech ragor o wybodaeth am y testun hwn neu os oes gennych chi unrhyw gwestiynau galwch draw i&#8217;r Siop INFO neu cysylltwch \u00e2 ni ar 01978 295600 \/ <\/strong><a href=\"https:\/\/dev.youngwrexham.co.uk\/cy\/ask-wrex\/\"><strong>Neges wib<\/strong><\/a><strong>. \u00a0Gadewch neges a byddwn yn cysylltu \u00e2 chi cyn gynted \u00e2 phosib. <\/strong><\/p>\n","protected":false},"excerpt":{"rendered":"<p>Hawliau Dynol.\u00a0 Y dyddiau hyn mae pobl yn rhoi ochenaid pan maent yn clywed y geiriau hyn. Ymwadiad. Ymddiheurwn fod y fideo hwn yn uniaith Saesneg, mae\u2019r wybodaeth yn berthnasol&#8230;<\/p>\n","protected":false},"author":1,"featured_media":6462,"parent":6458,"menu_order":0,"comment_status":"closed","ping_status":"closed","template":"page-info.php","meta":{"_acf_changed":false,"footnotes":""},"class_list":["post-357","page","type-page","status-publish","has-post-thumbnail","hentry"],"acf":[],"_links":{"self":[{"href":"https:\/\/dev.youngwrexham.co.uk\/cy\/wp-json\/wp\/v2\/pages\/357","targetHints":{"allow":["GET"]}}],"collection":[{"href":"https:\/\/dev.youngwrexham.co.uk\/cy\/wp-json\/wp\/v2\/pages"}],"about":[{"href":"https:\/\/dev.youngwrexham.co.uk\/cy\/wp-json\/wp\/v2\/types\/page"}],"author":[{"embeddable":true,"href":"https:\/\/dev.youngwrexham.co.uk\/cy\/wp-json\/wp\/v2\/users\/1"}],"replies":[{"embeddable":true,"href":"https:\/\/dev.youngwrexham.co.uk\/cy\/wp-json\/wp\/v2\/comments?post=357"}],"version-history":[{"count":4,"href":"https:\/\/dev.youngwrexham.co.uk\/cy\/wp-json\/wp\/v2\/pages\/357\/revisions"}],"predecessor-version":[{"id":6968,"href":"https:\/\/dev.youngwrexham.co.uk\/cy\/wp-json\/wp\/v2\/pages\/357\/revisions\/6968"}],"up":[{"embeddable":true,"href":"https:\/\/dev.youngwrexham.co.uk\/cy\/wp-json\/wp\/v2\/pages\/6458"}],"wp:featuredmedia":[{"embeddable":true,"href":"https:\/\/dev.youngwrexham.co.uk\/cy\/wp-json\/wp\/v2\/media\/6462"}],"wp:attachment":[{"href":"https:\/\/dev.youngwrexham.co.uk\/cy\/wp-json\/wp\/v2\/media?parent=357"}],"curies":[{"name":"wp","href":"https:\/\/api.w.org\/{rel}","templated":true}]}}