{"id":4035,"date":"2016-09-12T15:10:50","date_gmt":"2016-09-12T15:10:50","guid":{"rendered":"http:\/\/thesprout.co.uk\/?page_id=4035"},"modified":"2017-05-11T14:54:52","modified_gmt":"2017-05-11T14:54:52","slug":"young-wrexham-picture-guide","status":"publish","type":"page","link":"https:\/\/dev.youngwrexham.co.uk\/cy\/about-us\/young-wrexham-picture-guide\/","title":{"rendered":"Canllaw Lluniau Wrecsam Ifanc"},"content":{"rendered":"<p><img loading=\"lazy\" decoding=\"async\" class=\"aligncenter wp-image-4036 size-full\" src=\"http:\/\/thesprout.co.uk\/wp-content\/uploads\/2016\/09\/frogtographer.jpg\" alt=\"Frog with camera for TheSprout's Picture Guide\" width=\"798\" height=\"532\" \/><\/p>\n<p>&nbsp;<\/p>\n<p>Mae\u2019n andros o bwysig defnyddio delweddau yn gywir ar Wrecsam Ifanc ac i gydnabod gwaith caled pobl eraill. Mae hyn gan ein bod wedi derbyn \u00a31000 o ddirwy n\u00f4l yng nghyfnod <a href=\"http:\/\/learning.gov.wales\/news\/sitenews\/cliconline-our-decision-to-withdraw-support\/?lang=en%22%20\\t%20%22_blank\">CLICarlein<\/a> (y bu Wrecsam Ifanc yn rhan ohono unwaith).\u00a0 \u00a0\u00a0\u00a0\u00a0\u00a0\u00a0\u00a0 Fe uwchlwythodd rhywun o Ferthyr lun oedd yn perthyn i Getty Images ac fe wnaeth ein CMS dynnu\u2019r dyfrnod oddi arno yn awtomatig, felly doedden ni ddim yn gwybod ei fod yn ddelwedd oedd \u00e2 hawlfraint. Ond roedd Getty\u2019n gwybod, a chyn hir cawsom ddirwy o \u00a31,000.<\/p>\n<p>Felly, mae defnyddio lluniau sydd heb hawlfraint neu luniau \u2018Creative Commons\u2019 yn bwysig iawn i Wrecsam Ifanc, achos allwn ni ddim fforddio dirwyon felly.<\/p>\n<p><strong>Mae 4 math o lun y gallwch eu defnyddio ar Wrecsam Ifanc <\/strong><\/p>\n<ol>\n<li><strong>Lluniau neu ffotograffau yr ydych wedi eu tynnu eich hunain. <\/strong><\/li>\n<li><strong>Lluniau hyrwydd0 <\/strong>&#8211; o dan beth sy&#8217;n cael ei alw yn <a href=\"https:\/\/www.gov.uk\/guidance\/exceptions-to-copyright\">fargen deg<\/a> gallwn ddefnyddio lluniau fel posteri neu gloriau albymau, os ydych yn adolygu\u2019r ffilm neu&#8217;r albwm honno.<\/li>\n<li><strong>Delweddau sydd heb hawlfraint &#8211; <\/strong>gall y rhain fod yn lluniau sydd yn y <a href=\"http:\/\/copyrightuser.org\/topics\/public-domain\">parth cyhoeddus <\/a><u>&lt;http:\/\/copyrightuser.org\/topics\/public-domain\/&gt; <\/u>(fel baneri gwledydd), hen luniau y mae\u2019r hawlfraint iddynt wedi dod i ben (os ydych wedi gweld y cardiau cyfarch sydd \u00e2 hen luniau du a gwyn a sylw gwirion arnynt, yna r\u0175an rydych chi&#8217;n deall pam fod cymaint ohonynt o gwmpas), neu rai lle mae&#8217;r cr\u00ebwr wedi ildio unrhyw hawl hawlfraint ac yn caniat\u00e1u defnyddio eu gwaith yn rhydd &#8211; fel arfer gellir dod o hyd i\u2019r rhain ar wefannau fel pixabay.com<\/li>\n<li><strong>Delweddau \u2018Creative Commons\u2019 \u2013 <\/strong>delweddau yw&#8217;r rhain lle mae\u2019r cr\u00ebwr wedi rhoi trwydded \u2018<a href=\"https:\/\/creativecommons.org\/licenses\/\">Creative Commons<\/a>\u2019 ar eu gwaith. Beth mae hyn yn ei olygu mewn gwirionedd ydy y gallwch ddefnyddio eu delweddau am ddim cyn belled a&#8217;ch bod yn eu cydnabod. Dyma\u2019r mathau o ddelweddau yr ydym wedi eu defnyddio fwyaf ar Wrecsam Ifanc dros y blynyddoedd, ac mae&#8217;r rhan fwyaf yn dod o wefan o&#8217;r enw <a href=\"http:\/\/www.compfight.com\">www.compfight.com<\/a><\/li>\n<\/ol>\n<p><strong>Beth yw Compfight? <\/strong><\/p>\n<p>Chwilotwr delweddau yw compfight.com sy\u2019n eich caniat\u00e1u i hidlo er mwyn dod o hyd i gynnwys \u2018Creative Commons\u2019 ar Flickr. Dechreuwch drwy deipio gair i mewn er mwyn chwilio. Unwaith byddwch wedi chwilio, cliciwch ar \u2018Creative Commons\u2019. Byddwch wedyn yn ddiogel i ddewis un o\u2019r delweddau o dan y lein ddotiog i\u2019w defnyddio am ddim ar Wrecsam Ifanc.<\/p>\n<p><img loading=\"lazy\" decoding=\"async\" class=\"aligncenter wp-image-4049\" src=\"http:\/\/thesprout.co.uk\/wp-content\/uploads\/2016\/09\/Image-1-picture-guide-300x168.png\" alt=\"Image guide - compfight\" width=\"500\" height=\"281\" \/><\/p>\n<p>Unwaith y byddwch wedi dewis eich delwedd, cliciwch arno a chewch weld meintiau amrywiol y mae modd lawrlwytho\u2019r ddelwedd ynddo. Lawrlwythwch fersiwn fawr ac arbedwch y llun yn rhywle lle gallwch ddod o hyd iddo.\u00a0 Mae lluniau tirlun a baner yn tueddu i weithio\u2019n well na rhai portread.\u00a0<span class=\"EOP SCX268223767\">\u00a0<\/span><\/p>\n<p><img loading=\"lazy\" decoding=\"async\" class=\"aligncenter wp-image-4048\" src=\"http:\/\/thesprout.co.uk\/wp-content\/uploads\/2016\/09\/image-2-picture-guide-300x169.png\" alt=\"image 2 for TheSprout's picture guide\" width=\"500\" height=\"281\" \/><\/p>\n<p>Mae Compfight yn rhoi arwydd i chi (fel y gallwch gydnabod yr artist ac felly defnyddio\u2019r ddelwedd) y gallwch ei gop\u00efo a\u2019i bastio yn uniongyrchol i mewn i&#8217;ch erthygl. Fodd bynnag mae mewn cod HTML felly bydd angen i chi ddefnyddio\u2019r botwm \u2018Text\u2019 (nesaf at y botwm \u2018Visual\u2019 ar y dudalen \u2018Add New Post\u2019 ar y CMS (cornel dde uchaf y ffenest golygu testun).<\/p>\n<p>Er mwyn gosod yr arwydd a ddarparwyd, amlygwch a chop\u00efwch gynnwys y blwch HTML \u2018Copy &amp; Paste\u2019 melyn. Yna ewch i n\u00f4l yr erthygl yn y CMS a chliciwch ar y botwm \u2018Text\u2019 y sonnir amdano uchod. Ewch i waelod yr erthygl neu o dan y llun, pastiwch y cod i mewn, a dyna ni.<\/p>\n<p>Fel arall, os fyddai\u2019n well gennych osgoi unrhyw beth sy\u2019n ymwneud \u00e2 chod HTML, cliciwch ar y ddelwedd a bydd yn mynd a chi at dudalen Flickr yr artist. Edrychwch yn y gornel dde uchaf am enw\u2019r artist (mae enw defnyddiwr yn iawn), yna ar waelod yr erthygl ysgrifennwch \u201cDelwedd Gan: (enw artist)\u201d a rhowch hyperddolen o dan yr enw er mwyn cysylltu \u00e2\u2019r dudalen Flickr.<\/p>\n<p><strong>Beth yw Pixabay a Pixlr? <\/strong><\/p>\n<p>Os yw hynny yn swnio fel gormod o drafferth defnyddiwch pixabay.com \u00a0Mae gan Pixabay lwyth o ddelweddau heb hawlfraint, y gallwch chwilio amdanynt a\u2019u lawrlwytho. Yr unig beth yw, gall pawb arall wneud hyn, ac maent yn tueddu i fod yn weddol gyffredinol.<\/p>\n<p>Ond&#8230; gan nad oes hawlfraint arnynt gallwch eu golygu er mwyn edrych yn fwy diddorol.\u00a0 <a href=\"https:\/\/pixabay.com\/en\/photographer-frog-funny-green-868106\/\">The original image for the cover picture on this page is from Pixabay<\/a>. Felly fe wnes i ei lawrlwytho ac yna ei uwchlwytho i pixlr.com a\u2019i droi, rhoi ffilters arno a border.<\/p>\n<p>Gallwch ddefnyddio Pixlr hefyd i newid maint delweddau, gan nad yw CMS yn gallu gwneud hyn yn dda iawn gyda delweddau sydd dros 1000 picsel ond rydym yn ymchwilio i hyn. Rydym hefyd yn ymchwilio Pixabay a Giphy Plug-ins er mwyn gwneud dod o hyd i ddelweddau yn haws, felly cadwch lygad allan am fwy o wybodaeth.<\/p>\n<p><strong>Uwchlwytho delweddau <\/strong><\/p>\n<p><img loading=\"lazy\" decoding=\"async\" class=\"aligncenter wp-image-4047\" src=\"http:\/\/thesprout.co.uk\/wp-content\/uploads\/2016\/09\/image-3-picture-guide-300x167.png\" alt=\"image 3 for TheSprout's picture guide\" width=\"500\" height=\"279\" \/><\/p>\n<p>Ar y dudalen \u2018Add New Post\u2019 cliciwch ar \u2018Add Media\u2019 (cornel chwith uwch ben ffenestr olygu) yna ar \u2018Upload Files (1)\u2019 uwchlwythwch y ffeil a phwyswch \u2018insert into post\u2019 (2).<\/p>\n<p>Rhaid i chi hefyd osod delwedd nodwedd fel ei fod yn ymddangos yn yr adran newyddion. Mae\u2019r broses fel yr un a ddangosir yn Llun 3, ond defnyddiwch y botwm ar gornel dde isaf y dudalen \u2018Add New Post\u2019.<\/p>\n<p><strong>Fideos<\/strong><\/p>\n<p>Os yw hyn yn swnio fel gormod o ymdrech, defnyddiwch fideos YouTube i dorri\u2019r dudalen i fyny. Pastiwch URL y fideo o\u2019ch dewis chi yn ffenest olygu&#8217;r dudalen \u2018Add New Page\u2019 a bydd yn cael ei osod yno\u2019n awtomatig. Gan fod y cynnwys yn cael ei gynnal gan YouTube, nhw sydd yn gyfreithiol gyfrifol amdano, nid ni. Mae\u2019r un peth yn gweithio os byddwch yn pastio dolen i ran arall o Wrecsam Ifanc yn y dudalen olygu, bydd yn gosod ei hun yno ac yn edrych yn reit dda.<\/p>\n<p><strong>Datrys problemau <\/strong><\/p>\n<p>Ychydig o syniadau yn unig am uwchlwytho delweddau i Wrecsam Ifanc yw\u2019r rhain. Mae llwyth o safleoedd ar wah\u00e2n i Pixabay i ddod o hyd i ddelweddau am ddim arnynt, gwnewch yn si\u0175r eich bod yn cynnwys dolen i le cawsoch hyd iddo yn y disgrifiad yn yr oriel cyfryngau, fel y gall yr is-olygyddion ei wirio\u2019n hawdd.<\/p>\n<p>Ac yn olaf, os nad yw eich delweddau yn uwchlwytho, mae\u2019n debyg eu bod yn rhy fawr &#8211; ceisiwch ei lleihau mewn maint i 1000 picsel a dylech fod yn iawn. Gallwch wneud hyn ar pixl Express, Microsoft Paint, Preview, Photoshop, llwyth o lefydd.<\/p>\n<p>&nbsp;<\/p>\n<hr \/>\n<p><img loading=\"lazy\" decoding=\"async\" class=\"size-medium wp-image-6276 aligncenter\" src=\"https:\/\/dev.youngwrexham.co.uk\/cy\/wp-content\/uploads\/sites\/3\/2017\/01\/Info-generaljpeg-300x106.jpg\" alt=\"\" width=\"300\" height=\"106\" srcset=\"https:\/\/dev.youngwrexham.co.uk\/cy\/wp-content\/uploads\/sites\/3\/2017\/01\/Info-generaljpeg-300x106.jpg 300w, https:\/\/dev.youngwrexham.co.uk\/cy\/wp-content\/uploads\/sites\/3\/2017\/01\/Info-generaljpeg-768x272.jpg 768w, https:\/\/dev.youngwrexham.co.uk\/cy\/wp-content\/uploads\/sites\/3\/2017\/01\/Info-generaljpeg.jpg 886w\" sizes=\"auto, (max-width: 300px) 100vw, 300px\" \/><\/p>\n<p><strong>Os hoffech ragor o wybodaeth am y testun hwn neu os oes gennych chi unrhyw gwestiynau galwch draw i&#8217;r Siop INFO neu cysylltwch \u00e2 ni ar 01978 295600 \/ <\/strong><a href=\"https:\/\/dev.youngwrexham.co.uk\/cy\/ask-wrex\/\"><strong>Neges wib<\/strong><\/a><strong>. \u00a0Gadewch neges a byddwn yn cysylltu \u00e2 chi cyn gynted \u00e2 phosib. <\/strong><\/p>\n<p>&nbsp;<\/p>\n","protected":false},"excerpt":{"rendered":"<p>&nbsp; Mae\u2019n andros o bwysig defnyddio delweddau yn gywir ar Wrecsam Ifanc ac i gydnabod gwaith caled pobl eraill. Mae hyn gan ein bod wedi derbyn \u00a31000 o ddirwy n\u00f4l&#8230;<\/p>\n","protected":false},"author":1,"featured_media":4036,"parent":40,"menu_order":0,"comment_status":"closed","ping_status":"closed","template":"","meta":{"_acf_changed":false,"footnotes":""},"class_list":["post-4035","page","type-page","status-publish","has-post-thumbnail","hentry"],"acf":[],"_links":{"self":[{"href":"https:\/\/dev.youngwrexham.co.uk\/cy\/wp-json\/wp\/v2\/pages\/4035","targetHints":{"allow":["GET"]}}],"collection":[{"href":"https:\/\/dev.youngwrexham.co.uk\/cy\/wp-json\/wp\/v2\/pages"}],"about":[{"href":"https:\/\/dev.youngwrexham.co.uk\/cy\/wp-json\/wp\/v2\/types\/page"}],"author":[{"embeddable":true,"href":"https:\/\/dev.youngwrexham.co.uk\/cy\/wp-json\/wp\/v2\/users\/1"}],"replies":[{"embeddable":true,"href":"https:\/\/dev.youngwrexham.co.uk\/cy\/wp-json\/wp\/v2\/comments?post=4035"}],"version-history":[{"count":4,"href":"https:\/\/dev.youngwrexham.co.uk\/cy\/wp-json\/wp\/v2\/pages\/4035\/revisions"}],"predecessor-version":[{"id":6926,"href":"https:\/\/dev.youngwrexham.co.uk\/cy\/wp-json\/wp\/v2\/pages\/4035\/revisions\/6926"}],"up":[{"embeddable":true,"href":"https:\/\/dev.youngwrexham.co.uk\/cy\/wp-json\/wp\/v2\/pages\/40"}],"wp:featuredmedia":[{"embeddable":true,"href":"https:\/\/dev.youngwrexham.co.uk\/cy\/wp-json\/"}],"wp:attachment":[{"href":"https:\/\/dev.youngwrexham.co.uk\/cy\/wp-json\/wp\/v2\/media?parent=4035"}],"curies":[{"name":"wp","href":"https:\/\/api.w.org\/{rel}","templated":true}]}}