{"id":6458,"date":"2017-04-20T11:36:17","date_gmt":"2017-04-20T11:36:17","guid":{"rendered":"http:\/\/youngwrexham.co.uk\/cy\/?page_id=6458"},"modified":"2021-06-18T08:15:11","modified_gmt":"2021-06-18T08:15:11","slug":"dy-lais-dy-wrecsam","status":"publish","type":"page","link":"https:\/\/dev.youngwrexham.co.uk\/cy\/info\/dy-lais-dy-wrecsam\/","title":{"rendered":"Eich Llais, eich Wrecsam"},"content":{"rendered":"<p>Eisiau dweud eich dweud am bethau sy&#8217;n effeithio arnoch chi? &nbsp;Gallai hyn fod mewn cyfarfod yn yr ysgol neu pan fo pobl yn trafod materion lleol a chenedlaethol. &nbsp;&nbsp;Bydd yr adran hon yn darparu gwybodaeth yngl\u0177n \u00e2&#8217;ch hawliau, sut i gymryd rhan a phwy i siarad \u00e2 nhw os ydych yn teimlo nad oes unrhyw un yn gwrando arnoch chi.<\/p>\n","protected":false},"excerpt":{"rendered":"<p>Eisiau dweud eich dweud am bethau sy&#8217;n effeithio arnoch chi? &nbsp;Gallai hyn fod mewn cyfarfod yn yr ysgol neu pan fo pobl yn trafod materion lleol a chenedlaethol. &nbsp;&nbsp;Bydd yr&#8230;<\/p>\n","protected":false},"author":5,"featured_media":6459,"parent":58,"menu_order":18,"comment_status":"closed","ping_status":"closed","template":"page-info.php","meta":{"_acf_changed":false,"footnotes":""},"class_list":["post-6458","page","type-page","status-publish","has-post-thumbnail","hentry"],"acf":[],"_links":{"self":[{"href":"https:\/\/dev.youngwrexham.co.uk\/cy\/wp-json\/wp\/v2\/pages\/6458","targetHints":{"allow":["GET"]}}],"collection":[{"href":"https:\/\/dev.youngwrexham.co.uk\/cy\/wp-json\/wp\/v2\/pages"}],"about":[{"href":"https:\/\/dev.youngwrexham.co.uk\/cy\/wp-json\/wp\/v2\/types\/page"}],"author":[{"embeddable":true,"href":"https:\/\/dev.youngwrexham.co.uk\/cy\/wp-json\/wp\/v2\/users\/5"}],"replies":[{"embeddable":true,"href":"https:\/\/dev.youngwrexham.co.uk\/cy\/wp-json\/wp\/v2\/comments?post=6458"}],"version-history":[{"count":5,"href":"https:\/\/dev.youngwrexham.co.uk\/cy\/wp-json\/wp\/v2\/pages\/6458\/revisions"}],"predecessor-version":[{"id":7680,"href":"https:\/\/dev.youngwrexham.co.uk\/cy\/wp-json\/wp\/v2\/pages\/6458\/revisions\/7680"}],"up":[{"embeddable":true,"href":"https:\/\/dev.youngwrexham.co.uk\/cy\/wp-json\/wp\/v2\/pages\/58"}],"wp:featuredmedia":[{"embeddable":true,"href":"https:\/\/dev.youngwrexham.co.uk\/cy\/wp-json\/wp\/v2\/media\/6459"}],"wp:attachment":[{"href":"https:\/\/dev.youngwrexham.co.uk\/cy\/wp-json\/wp\/v2\/media?parent=6458"}],"curies":[{"name":"wp","href":"https:\/\/api.w.org\/{rel}","templated":true}]}}