{"id":6487,"date":"2017-04-20T12:23:07","date_gmt":"2017-04-20T12:23:07","guid":{"rendered":"http:\/\/youngwrexham.co.uk\/cy\/?page_id=6487"},"modified":"2017-05-11T15:19:42","modified_gmt":"2017-05-11T15:19:42","slug":"ffobiau-ac-arferion","status":"publish","type":"page","link":"https:\/\/dev.youngwrexham.co.uk\/cy\/info\/mental-health\/ffobiau-ac-arferion\/","title":{"rendered":"Ffobi\u00e2u ac Arferion"},"content":{"rendered":"<p>Helo<\/p>\n<p>Mae\u2019n ddrwg gennym am unrhyw anhwylustod a achosir wrth i\u2019r adran hon gael ei datblygu.\u00a0 Gobeithiwn y bydd yr holl wybodaeth ar y wefan erbyn diwedd y mis.<\/p>\n<p>I gael rhagor o wybodaeth am y pwnc hwn, e-bostiwch <a href=\"mailto:infoshop@wrexham.gov.uk\">infoshop@wrexham.gov.uk<\/a> a byddwn yn si\u0175r o gysylltu \u00e2 chi cyn gynted \u00e2 phosib .<\/p>\n","protected":false},"excerpt":{"rendered":"<p>Helo Mae\u2019n ddrwg gennym am unrhyw anhwylustod a achosir wrth i\u2019r adran hon gael ei datblygu.\u00a0 Gobeithiwn y bydd yr holl wybodaeth ar y wefan erbyn diwedd y mis. I&#8230;<\/p>\n","protected":false},"author":5,"featured_media":6765,"parent":293,"menu_order":4,"comment_status":"closed","ping_status":"closed","template":"page-info.php","meta":{"_acf_changed":false,"footnotes":""},"class_list":["post-6487","page","type-page","status-publish","has-post-thumbnail","hentry"],"acf":[],"_links":{"self":[{"href":"https:\/\/dev.youngwrexham.co.uk\/cy\/wp-json\/wp\/v2\/pages\/6487","targetHints":{"allow":["GET"]}}],"collection":[{"href":"https:\/\/dev.youngwrexham.co.uk\/cy\/wp-json\/wp\/v2\/pages"}],"about":[{"href":"https:\/\/dev.youngwrexham.co.uk\/cy\/wp-json\/wp\/v2\/types\/page"}],"author":[{"embeddable":true,"href":"https:\/\/dev.youngwrexham.co.uk\/cy\/wp-json\/wp\/v2\/users\/5"}],"replies":[{"embeddable":true,"href":"https:\/\/dev.youngwrexham.co.uk\/cy\/wp-json\/wp\/v2\/comments?post=6487"}],"version-history":[{"count":4,"href":"https:\/\/dev.youngwrexham.co.uk\/cy\/wp-json\/wp\/v2\/pages\/6487\/revisions"}],"predecessor-version":[{"id":6941,"href":"https:\/\/dev.youngwrexham.co.uk\/cy\/wp-json\/wp\/v2\/pages\/6487\/revisions\/6941"}],"up":[{"embeddable":true,"href":"https:\/\/dev.youngwrexham.co.uk\/cy\/wp-json\/wp\/v2\/pages\/293"}],"wp:featuredmedia":[{"embeddable":true,"href":"https:\/\/dev.youngwrexham.co.uk\/cy\/wp-json\/wp\/v2\/media\/6765"}],"wp:attachment":[{"href":"https:\/\/dev.youngwrexham.co.uk\/cy\/wp-json\/wp\/v2\/media?parent=6487"}],"curies":[{"name":"wp","href":"https:\/\/api.w.org\/{rel}","templated":true}]}}