{"id":6518,"date":"2017-04-20T14:02:39","date_gmt":"2017-04-20T14:02:39","guid":{"rendered":"http:\/\/youngwrexham.co.uk\/cy\/?page_id=6518"},"modified":"2017-04-26T15:56:01","modified_gmt":"2017-04-26T15:56:01","slug":"dy-wleidyddiaeth-leol","status":"publish","type":"page","link":"https:\/\/dev.youngwrexham.co.uk\/cy\/info\/dy-lais-dy-wrecsam\/dy-wleidyddiaeth-leol\/","title":{"rendered":"Dy wleidyddiaeth leol"},"content":{"rendered":"<p>Helo<\/p>\n<p>Mae\u2019n ddrwg gennym am unrhyw anhwylustod a achosir wrth i\u2019r adran hon gael ei datblygu.\u00a0 Gobeithiwn y bydd yr holl wybodaeth ar y wefan erbyn diwedd y mis.<\/p>\n<p>I gael rhagor o wybodaeth am y pwnc hwn, e-bostiwch <a href=\"mailto:infoshop@wrexham.gov.uk\">infoshop@wrexham.gov.uk<\/a> a byddwn yn si\u0175r o gysylltu \u00e2 chi cyn gynted \u00e2 phosib .<\/p>\n","protected":false},"excerpt":{"rendered":"<p>Helo Mae\u2019n ddrwg gennym am unrhyw anhwylustod a achosir wrth i\u2019r adran hon gael ei datblygu.\u00a0 Gobeithiwn y bydd yr holl wybodaeth ar y wefan erbyn diwedd y mis. I&#8230;<\/p>\n","protected":false},"author":5,"featured_media":6660,"parent":6458,"menu_order":1,"comment_status":"closed","ping_status":"closed","template":"page-info.php","meta":{"_acf_changed":false,"footnotes":""},"class_list":["post-6518","page","type-page","status-publish","has-post-thumbnail","hentry"],"acf":[],"_links":{"self":[{"href":"https:\/\/dev.youngwrexham.co.uk\/cy\/wp-json\/wp\/v2\/pages\/6518","targetHints":{"allow":["GET"]}}],"collection":[{"href":"https:\/\/dev.youngwrexham.co.uk\/cy\/wp-json\/wp\/v2\/pages"}],"about":[{"href":"https:\/\/dev.youngwrexham.co.uk\/cy\/wp-json\/wp\/v2\/types\/page"}],"author":[{"embeddable":true,"href":"https:\/\/dev.youngwrexham.co.uk\/cy\/wp-json\/wp\/v2\/users\/5"}],"replies":[{"embeddable":true,"href":"https:\/\/dev.youngwrexham.co.uk\/cy\/wp-json\/wp\/v2\/comments?post=6518"}],"version-history":[{"count":3,"href":"https:\/\/dev.youngwrexham.co.uk\/cy\/wp-json\/wp\/v2\/pages\/6518\/revisions"}],"predecessor-version":[{"id":6878,"href":"https:\/\/dev.youngwrexham.co.uk\/cy\/wp-json\/wp\/v2\/pages\/6518\/revisions\/6878"}],"up":[{"embeddable":true,"href":"https:\/\/dev.youngwrexham.co.uk\/cy\/wp-json\/wp\/v2\/pages\/6458"}],"wp:featuredmedia":[{"embeddable":true,"href":"https:\/\/dev.youngwrexham.co.uk\/cy\/wp-json\/wp\/v2\/media\/6660"}],"wp:attachment":[{"href":"https:\/\/dev.youngwrexham.co.uk\/cy\/wp-json\/wp\/v2\/media?parent=6518"}],"curies":[{"name":"wp","href":"https:\/\/api.w.org\/{rel}","templated":true}]}}